{"id":6408,"date":"2023-02-20T00:08:20","date_gmt":"2023-02-20T00:08:20","guid":{"rendered":"https:\/\/erraema.com\/aviso-legal\/"},"modified":"2023-03-28T12:40:03","modified_gmt":"2023-03-28T12:40:03","slug":"aviso-legal","status":"publish","type":"page","link":"https:\/\/erraema.com\/es\/aviso-legal\/","title":{"rendered":"Aviso legal"},"content":{"rendered":"\t\t<div data-elementor-type=\"wp-page\" data-elementor-id=\"6408\" class=\"elementor elementor-6408 elementor-252\">\n\t\t\t\t\t\t\t\t\t<section class=\"elementor-section elementor-top-section elementor-element elementor-element-d02bdcc elementor-section-boxed elementor-section-height-default elementor-section-height-default\" data-id=\"d02bdcc\" data-element_type=\"section\">\n\t\t\t\t\t\t<div class=\"elementor-container elementor-column-gap-default\">\n\t\t\t\t\t<div class=\"elementor-column elementor-col-100 elementor-top-column elementor-element elementor-element-50fdefc\" data-id=\"50fdefc\" data-element_type=\"column\">\n\t\t\t<div class=\"elementor-widget-wrap elementor-element-populated\">\n\t\t\t\t\t\t\t\t<div class=\"elementor-element elementor-element-f1ca98f elementor-hidden-tablet elementor-hidden-mobile elementor-widget elementor-widget-text-editor\" data-id=\"f1ca98f\" data-element_type=\"widget\" data-widget_type=\"text-editor.default\">\n\t\t\t\t<div class=\"elementor-widget-container\">\n\t\t\t<style>\/*! elementor - v3.11.5 - 14-03-2023 *\/\n.elementor-widget-text-editor.elementor-drop-cap-view-stacked .elementor-drop-cap{background-color:#818a91;color:#fff}.elementor-widget-text-editor.elementor-drop-cap-view-framed .elementor-drop-cap{color:#818a91;border:3px solid;background-color:transparent}.elementor-widget-text-editor:not(.elementor-drop-cap-view-default) .elementor-drop-cap{margin-top:8px}.elementor-widget-text-editor:not(.elementor-drop-cap-view-default) .elementor-drop-cap-letter{width:1em;height:1em}.elementor-widget-text-editor .elementor-drop-cap{float:left;text-align:center;line-height:1;font-size:50px}.elementor-widget-text-editor .elementor-drop-cap-letter{display:inline-block}<\/style>\t\t\t\t<p>AVISO LEGAL<\/p>\n\t\t\t\t\t\t<\/div>\n\t\t\t\t<\/div>\n\t\t\t\t<div class=\"elementor-element elementor-element-0dc7fde elementor-hidden-widescreen elementor-hidden-desktop elementor-widget elementor-widget-text-editor\" data-id=\"0dc7fde\" data-element_type=\"widget\" data-widget_type=\"text-editor.default\">\n\t\t\t\t<div class=\"elementor-widget-container\">\n\t\t\t\t\t\t\t<p>AVISO LEGAL<\/p>\n\t\t\t\t\t\t<\/div>\n\t\t\t\t<\/div>\n\t\t\t\t<div class=\"elementor-element elementor-element-cf345da elementor-widget elementor-widget-text-editor\" data-id=\"cf345da\" data-element_type=\"widget\" data-widget_type=\"text-editor.default\">\n\t\t\t\t<div class=\"elementor-widget-container\">\n\t\t\t\t\t\t\t<p style=\"line-height: 15.0pt; background: white; margin: 11.25pt 0cm 11.25pt 0cm;\"><strong><span lang=\"ES\" style=\"font-size: 10.0pt; font-family: 'Century Gothic',sans-serif; color: black;\">Erraema<\/span><\/strong><\/p>\n\t\t\t\t\t\t<\/div>\n\t\t\t\t<\/div>\n\t\t\t\t<div class=\"elementor-element elementor-element-d9f78b3 elementor-widget elementor-widget-text-editor\" data-id=\"d9f78b3\" data-element_type=\"widget\" data-widget_type=\"text-editor.default\">\n\t\t\t\t<div class=\"elementor-widget-container\">\n\t\t\t\t\t\t\t<p style=\"line-height: 15.0pt; background: white; margin: 11.25pt 0cm 11.25pt 0cm;\"><strong><span lang=\"ES\" style=\"font-size: 10.0pt; font-family: 'Century Gothic',sans-serif; color: black;\">Erraema<\/span><\/strong><span lang=\"ES\" style=\"font-size: 10.0pt; font-family: 'Century Gothic',sans-serif; color: black;\"> empresa titular de la presente web cumple con los requisitos establecidos en la Ley 34\/2002, de 11 de julio, de Servicios de la Sociedad de la Informaci\u00f3n y Comercio Electr\u00f3nico, as\u00ed como en la Ley Org\u00e1nica 15\/1999, de 13 de diciembre , sobre Protecci\u00f3n de Datos de Car\u00e1cter Personal (LOPD) ya tal fin ha creado el siguiente Aviso Legal:<\/span><\/p>\n\t\t\t\t\t\t<\/div>\n\t\t\t\t<\/div>\n\t\t\t\t<div class=\"elementor-element elementor-element-b28f1e2 elementor-widget elementor-widget-text-editor\" data-id=\"b28f1e2\" data-element_type=\"widget\" data-widget_type=\"text-editor.default\">\n\t\t\t\t<div class=\"elementor-widget-container\">\n\t\t\t\t\t\t\t<p style=\"line-height: 15.0pt; background: white; margin: 11.25pt 0cm 11.25pt 0cm;\"><strong><span lang=\"ES\" style=\"font-size: 10.0pt; font-family: 'Century Gothic',sans-serif; color: black;\">Informaci\u00f3n<\/span><\/strong><\/p>\n\t\t\t\t\t\t<\/div>\n\t\t\t\t<\/div>\n\t\t\t\t<div class=\"elementor-element elementor-element-77044ee elementor-widget elementor-widget-text-editor\" data-id=\"77044ee\" data-element_type=\"widget\" data-widget_type=\"text-editor.default\">\n\t\t\t\t<div class=\"elementor-widget-container\">\n\t\t\t\t\t\t\t<p style=\"line-height: 15.0pt; background: white; margin: 11.25pt 0cm 11.25pt 0cm;\"><strong><span lang=\"ES\" style=\"font-size: 10.0pt; font-family: 'Century Gothic',sans-serif; color: black;\">Erraema<\/span><\/strong><span lang=\"ES\" style=\"font-size: 10.0pt; font-family: 'Century Gothic',sans-serif; color: black;\"> tiene su domicilio en el n\u00famero 64 de la Av. de San Ignacio de Loyola, 08912 Badalona, Barcelona.<\/span><\/p>\n\t\t\t\t\t\t<\/div>\n\t\t\t\t<\/div>\n\t\t\t\t<div class=\"elementor-element elementor-element-1012251 elementor-widget elementor-widget-text-editor\" data-id=\"1012251\" data-element_type=\"widget\" data-widget_type=\"text-editor.default\">\n\t\t\t\t<div class=\"elementor-widget-container\">\n\t\t\t\t\t\t\t<p style=\"line-height: 15.0pt; background: white; margin: 11.25pt 0cm 11.25pt 0cm;\"><strong><span lang=\"ES\" style=\"font-size: 10.0pt; font-family: 'Century Gothic',sans-serif; color: black;\">Datos de contacto<\/span><\/strong><\/p>\n\t\t\t\t\t\t<\/div>\n\t\t\t\t<\/div>\n\t\t\t\t<div class=\"elementor-element elementor-element-e911254 elementor-widget elementor-widget-text-editor\" data-id=\"e911254\" data-element_type=\"widget\" data-widget_type=\"text-editor.default\">\n\t\t\t\t<div class=\"elementor-widget-container\">\n\t\t\t\t\t\t\t<p style=\"line-height: 15.0pt; background: white; margin: 11.25pt 0cm 11.25pt 0cm;\"><span lang=\"ES\" style=\"font-size: 10.0pt; font-family: 'Century Gothic',sans-serif; color: black;\">Tel.: 933 882 550<\/span><\/p>\n\t\t\t\t\t\t<\/div>\n\t\t\t\t<\/div>\n\t\t\t\t<div class=\"elementor-element elementor-element-bcddb74 elementor-widget elementor-widget-text-editor\" data-id=\"bcddb74\" data-element_type=\"widget\" data-widget_type=\"text-editor.default\">\n\t\t\t\t<div class=\"elementor-widget-container\">\n\t\t\t\t\t\t\t<p style=\"line-height: 15.0pt; background: white; margin: 11.25pt 0cm 11.25pt 0cm;\"><span lang=\"ES\" style=\"font-size: 10.0pt; font-family: 'Century Gothic',sans-serif; color: black;\">Email: <a href=\"https:\/\/web.archive.org\/web\/20220809012048\/mailto:hola@erraema.com\"><span style=\"color: black;\">hola@erraema.com<\/span><\/a><\/span><\/p>\n\t\t\t\t\t\t<\/div>\n\t\t\t\t<\/div>\n\t\t\t\t<div class=\"elementor-element elementor-element-2a12d59 elementor-widget elementor-widget-text-editor\" data-id=\"2a12d59\" data-element_type=\"widget\" data-widget_type=\"text-editor.default\">\n\t\t\t\t<div class=\"elementor-widget-container\">\n\t\t\t\t\t\t\t<p style=\"line-height: 15.0pt; background: white; margin: 11.25pt 0cm 11.25pt 0cm;\"><strong><span lang=\"ES\" style=\"font-size: 10.0pt; font-family: 'Century Gothic',sans-serif; color: black;\">Condiciones generales de uso<\/span><\/strong><\/p>\n\t\t\t\t\t\t<\/div>\n\t\t\t\t<\/div>\n\t\t\t\t<div class=\"elementor-element elementor-element-b669ca8 elementor-widget elementor-widget-text-editor\" data-id=\"b669ca8\" data-element_type=\"widget\" data-widget_type=\"text-editor.default\">\n\t\t\t\t<div class=\"elementor-widget-container\">\n\t\t\t\t\t\t\t<p style=\"line-height: 15.0pt; background: white; margin: 11.25pt 0cm 11.25pt 0cm;\"><span lang=\"ES\" style=\"font-size: 10.0pt; font-family: 'Century Gothic',sans-serif; color: black;\">El usuario de la p\u00e1gina web www.erraema.com acepta plenamente y sin reservas las disposiciones incluidas en este Aviso Legal, en la versi\u00f3n publicada por la empresa en el mismo momento en que el usuario acceda a la p\u00e1gina Web.<\/span><\/p>\n\t\t\t\t\t\t<\/div>\n\t\t\t\t<\/div>\n\t\t\t\t<div class=\"elementor-element elementor-element-d8bfd72 elementor-widget elementor-widget-text-editor\" data-id=\"d8bfd72\" data-element_type=\"widget\" data-widget_type=\"text-editor.default\">\n\t\t\t\t<div class=\"elementor-widget-container\">\n\t\t\t\t\t\t\t<p style=\"line-height: 15.0pt; background: white; margin: 11.25pt 0cm 11.25pt 0cm;\"><span lang=\"ES\" style=\"font-size: 10.0pt; font-family: 'Century Gothic',sans-serif; color: black;\">La p\u00e1gina web www.erraema.com puede ser visitada libremente y el usuario se compromete a utilizar sus contenidos y servicios de conformidad con la ley, la moral, las buenas costumbres y el presente Aviso Legal. A tal efecto, el usuario se abstendr\u00e1 de utilizar la p\u00e1gina web con fines o efectos il\u00edcitos, prohibidos y lesivos de los derechos e intereses de terceros.<\/span><\/p>\n\t\t\t\t\t\t<\/div>\n\t\t\t\t<\/div>\n\t\t\t\t<div class=\"elementor-element elementor-element-73e20a9 elementor-widget elementor-widget-text-editor\" data-id=\"73e20a9\" data-element_type=\"widget\" data-widget_type=\"text-editor.default\">\n\t\t\t\t<div class=\"elementor-widget-container\">\n\t\t\t\t\t\t\t<p style=\"line-height: 15.0pt; background: white; margin: 11.25pt 0cm 11.25pt 0cm;\"><span lang=\"ES\" style=\"font-size: 10.0pt; font-family: 'Century Gothic',sans-serif; color: black;\">La empresa no se responsabiliza de los errores u omisiones, de los contenidos de la web u otros contenidos, a los que se pueda acceder a trav\u00e9s de la misma, ni de los da\u00f1os derivados de la utilizaci\u00f3n de la web, ni por cualquier actuaci\u00f3n realizada sobre la base de la informaci\u00f3n que en ella se facilita.<\/span><\/p>\n\t\t\t\t\t\t<\/div>\n\t\t\t\t<\/div>\n\t\t\t\t<div class=\"elementor-element elementor-element-257ed30 elementor-widget elementor-widget-text-editor\" data-id=\"257ed30\" data-element_type=\"widget\" data-widget_type=\"text-editor.default\">\n\t\t\t\t<div class=\"elementor-widget-container\">\n\t\t\t\t\t\t\t<p style=\"line-height: 15.0pt; background: white; margin: 11.25pt 0cm 11.25pt 0cm;\"><span lang=\"ES\" style=\"font-size: 10.0pt; font-family: 'Century Gothic',sans-serif; color: black;\">La empresa no garantiza la ausencia de virus u otros elementos lesivos, que pudieran causar da\u00f1os o alteraciones en el sistema inform\u00e1tico, en los documentos electr\u00f3nicos o en los archivos del usuario de la Web; ni responde de los da\u00f1os y perjuicios, que tales elementos pudieran ocasionar al usuario o terceros.<\/span><\/p>\n\t\t\t\t\t\t<\/div>\n\t\t\t\t<\/div>\n\t\t\t\t<div class=\"elementor-element elementor-element-c02a866 elementor-widget elementor-widget-text-editor\" data-id=\"c02a866\" data-element_type=\"widget\" data-widget_type=\"text-editor.default\">\n\t\t\t\t<div class=\"elementor-widget-container\">\n\t\t\t\t\t\t\t<p style=\"line-height: 15.0pt; background: white; margin: 11.25pt 0cm 11.25pt 0cm;\"><span lang=\"ES\" style=\"font-size: 10.0pt; font-family: 'Century Gothic',sans-serif; color: black;\">La web tiene car\u00e1cter meramente informativo, por lo que su contenido podr\u00e1 ser modificado, ampliado o suprimido en cualquier momento, sin previo aviso.<\/span><\/p>\n\t\t\t\t\t\t<\/div>\n\t\t\t\t<\/div>\n\t\t\t\t<div class=\"elementor-element elementor-element-77697af elementor-widget elementor-widget-text-editor\" data-id=\"77697af\" data-element_type=\"widget\" data-widget_type=\"text-editor.default\">\n\t\t\t\t<div class=\"elementor-widget-container\">\n\t\t\t\t\t\t\t<p style=\"line-height: 15.0pt; background: white; margin: 11.25pt 0cm 11.25pt 0cm;\"><span lang=\"ES\" style=\"font-size: 10.0pt; font-family: 'Century Gothic',sans-serif; color: black;\">La empresa titular de la web se reserva el derecho de actualizar los contenidos de la p\u00e1gina web y eliminarlos, as\u00ed como de limitar e impedir el acceso a los mismos, ya sea temporal o definitivamente, sin notificaci\u00f3n previa.<\/span><\/p>\n\t\t\t\t\t\t<\/div>\n\t\t\t\t<\/div>\n\t\t\t\t<div class=\"elementor-element elementor-element-30658cb elementor-widget elementor-widget-text-editor\" data-id=\"30658cb\" data-element_type=\"widget\" data-widget_type=\"text-editor.default\">\n\t\t\t\t<div class=\"elementor-widget-container\">\n\t\t\t\t\t\t\t<p style=\"line-height: 15.0pt; background: white; margin: 11.25pt 0cm 11.25pt 0cm;\"><span lang=\"ES\" style=\"font-size: 10.0pt; font-family: 'Century Gothic',sans-serif; color: black;\">Todos los derechos de propiedad industrial e intelectual del WEBSITE y de sus contenidos (textos, im\u00e1genes, dise\u00f1os, creatividades, software, c\u00f3digo fuente) pertenecen a <b>Erraema<\/b> Todos los nombres comerciales, marcas o signos distintos de cualquier clase contenidos en este sitio web est\u00e1n protegidos por ley y queda prohibida su reproducci\u00f3n, distribuci\u00f3n, comunicaci\u00f3n p\u00fablica y transformaci\u00f3n, total o parcial, sin la autorizaci\u00f3n expresa de <strong><span style=\"font-family: 'Century Gothic',sans-serif;\">Erraema<\/span><\/strong><\/span><\/p>\n\t\t\t\t\t\t<\/div>\n\t\t\t\t<\/div>\n\t\t\t\t<div class=\"elementor-element elementor-element-4fb7cf1 elementor-widget elementor-widget-text-editor\" data-id=\"4fb7cf1\" data-element_type=\"widget\" data-widget_type=\"text-editor.default\">\n\t\t\t\t<div class=\"elementor-widget-container\">\n\t\t\t\t\t\t\t<p style=\"line-height: 15.0pt; background: white; margin: 11.25pt 0cm 11.25pt 0cm;\"><strong><span lang=\"ES\" style=\"font-size: 10.0pt; font-family: 'Century Gothic',sans-serif; color: black;\">Pol\u00edtica de Privacidad<\/span><\/strong><\/p>\n\t\t\t\t\t\t<\/div>\n\t\t\t\t<\/div>\n\t\t\t\t<div class=\"elementor-element elementor-element-581ec1c elementor-widget elementor-widget-text-editor\" data-id=\"581ec1c\" data-element_type=\"widget\" data-widget_type=\"text-editor.default\">\n\t\t\t\t<div class=\"elementor-widget-container\">\n\t\t\t\t\t\t\t<p style=\"line-height: 15.0pt; background: white; margin: 11.25pt 0cm 11.25pt 0cm;\"><span lang=\"ES\" style=\"font-size: 10.0pt; font-family: 'Century Gothic',sans-serif; color: black;\">La empresa garantiza la confidencialidad de los datos de car\u00e1cter personal facilitados por los usuarios y su tratamiento automatizado de acuerdo con la legislaci\u00f3n vigente sobre protecci\u00f3n de datos de car\u00e1cter personal, as\u00ed como toda la normativa aplicable a esta materia.<\/span><\/p>\n\t\t\t\t\t\t<\/div>\n\t\t\t\t<\/div>\n\t\t\t\t<div class=\"elementor-element elementor-element-c7a6bad elementor-widget elementor-widget-text-editor\" data-id=\"c7a6bad\" data-element_type=\"widget\" data-widget_type=\"text-editor.default\">\n\t\t\t\t<div class=\"elementor-widget-container\">\n\t\t\t\t\t\t\t<p style=\"line-height: 15.0pt; background: white; margin: 11.25pt 0cm 11.25pt 0cm;\"><strong><span lang=\"ES\" style=\"font-size: 10.0pt; font-family: 'Century Gothic',sans-serif; color: black;\">Enlaces<\/span><\/strong><\/p>\n\t\t\t\t\t\t<\/div>\n\t\t\t\t<\/div>\n\t\t\t\t<div class=\"elementor-element elementor-element-64fb291 elementor-widget elementor-widget-text-editor\" data-id=\"64fb291\" data-element_type=\"widget\" data-widget_type=\"text-editor.default\">\n\t\t\t\t<div class=\"elementor-widget-container\">\n\t\t\t\t\t\t\t<p style=\"line-height: 15.0pt; background: white; margin: 11.25pt 0cm 11.25pt 0cm;\"><span lang=\"ES\" style=\"font-size: 10.0pt; font-family: 'Century Gothic',sans-serif; color: black;\">No se asume responsabilidad alguna sobre el contenido, informaci\u00f3n o servicios que puedan ofrecer los enlaces que se presentan en nuestra web, y que tienen car\u00e1cter meramente informativo.<\/span><\/p>\n\t\t\t\t\t\t<\/div>\n\t\t\t\t<\/div>\n\t\t\t\t<div class=\"elementor-element elementor-element-0d3127a elementor-widget elementor-widget-text-editor\" data-id=\"0d3127a\" data-element_type=\"widget\" data-widget_type=\"text-editor.default\">\n\t\t\t\t<div class=\"elementor-widget-container\">\n\t\t\t\t\t\t\t<p style=\"line-height: 15.0pt; background: white; margin: 11.25pt 0cm 11.25pt 0cm;\"><strong><span lang=\"ES\" style=\"font-size: 10.0pt; font-family: 'Century Gothic',sans-serif; color: black;\">Legislaci\u00f3n aplicable<\/span><\/strong><\/p>\n\t\t\t\t\t\t<\/div>\n\t\t\t\t<\/div>\n\t\t\t\t<div class=\"elementor-element elementor-element-75834c1 elementor-widget elementor-widget-text-editor\" data-id=\"75834c1\" data-element_type=\"widget\" data-widget_type=\"text-editor.default\">\n\t\t\t\t<div class=\"elementor-widget-container\">\n\t\t\t\t\t\t\t<p style=\"line-height: 15.0pt; background: white; margin: 11.25pt 0cm 11.25pt 0cm;\"><span lang=\"ES\" style=\"font-size: 10.0pt; font-family: 'Century Gothic',sans-serif; color: black;\">La presente web se rige por la legislaci\u00f3n espa\u00f1ola.<\/span><\/p>\n\t\t\t\t\t\t<\/div>\n\t\t\t\t<\/div>\n\t\t\t\t<div class=\"elementor-element elementor-element-d90105a elementor-widget elementor-widget-text-editor\" data-id=\"d90105a\" data-element_type=\"widget\" data-widget_type=\"text-editor.default\">\n\t\t\t\t<div class=\"elementor-widget-container\">\n\t\t\t\t\t\t\t<p style=\"line-height: 15.0pt; background: white; margin: 11.25pt 0cm 11.25pt 0cm;\"><strong><span lang=\"ES\" style=\"font-size: 10.0pt; font-family: 'Century Gothic',sans-serif; color: black;\">Pol\u00edtica de Privacidad<\/span><\/strong><\/p>\n\t\t\t\t\t\t<\/div>\n\t\t\t\t<\/div>\n\t\t\t\t<div class=\"elementor-element elementor-element-6e7fdff elementor-widget elementor-widget-text-editor\" data-id=\"6e7fdff\" data-element_type=\"widget\" data-widget_type=\"text-editor.default\">\n\t\t\t\t<div class=\"elementor-widget-container\">\n\t\t\t\t\t\t\t<p style=\"line-height: 15.0pt; background: white; margin: 11.25pt 0cm 11.25pt 0cm;\"><span lang=\"ES\" style=\"font-size: 10.0pt; font-family: 'Century Gothic',sans-serif; color: black;\">La empresa garantiza la confidencialidad de los datos de car\u00e1cter personal facilitados por los usuarios y su tratamiento automatizado de acuerdo con la legislaci\u00f3n vigente sobre protecci\u00f3n de datos de car\u00e1cter personal, as\u00ed como toda la normativa aplicable a esta materia.<\/span><\/p>\n\t\t\t\t\t\t<\/div>\n\t\t\t\t<\/div>\n\t\t\t\t<div class=\"elementor-element elementor-element-e46f0ec elementor-widget elementor-widget-text-editor\" data-id=\"e46f0ec\" data-element_type=\"widget\" data-widget_type=\"text-editor.default\">\n\t\t\t\t<div class=\"elementor-widget-container\">\n\t\t\t\t\t\t\t<p style=\"line-height: 15.0pt; background: white; margin: 11.25pt 0cm 11.25pt 0cm;\"><strong><span lang=\"ES\" style=\"font-size: 10.0pt; font-family: 'Century Gothic',sans-serif; color: black;\">Enlaces<\/span><\/strong><\/p>\n\t\t\t\t\t\t<\/div>\n\t\t\t\t<\/div>\n\t\t\t\t<div class=\"elementor-element elementor-element-c9bcbe6 elementor-widget elementor-widget-text-editor\" data-id=\"c9bcbe6\" data-element_type=\"widget\" data-widget_type=\"text-editor.default\">\n\t\t\t\t<div class=\"elementor-widget-container\">\n\t\t\t\t\t\t\t<p style=\"line-height: 15.0pt; background: white; margin: 11.25pt 0cm 11.25pt 0cm;\"><span lang=\"ES\" style=\"font-size: 10.0pt; font-family: 'Century Gothic',sans-serif; color: black;\">No se asume responsabilidad alguna sobre el contenido, informaci\u00f3n o servicios que puedan ofrecer los enlaces que se presentan en nuestra web, y que tienen car\u00e1cter meramente informativo.<\/span><\/p>\n\t\t\t\t\t\t<\/div>\n\t\t\t\t<\/div>\n\t\t\t\t<div class=\"elementor-element elementor-element-88ba6cd elementor-widget elementor-widget-text-editor\" data-id=\"88ba6cd\" data-element_type=\"widget\" data-widget_type=\"text-editor.default\">\n\t\t\t\t<div class=\"elementor-widget-container\">\n\t\t\t\t\t\t\t<p style=\"line-height: 15.0pt; background: white; margin: 11.25pt 0cm 11.25pt 0cm;\"><strong><span lang=\"ES\" style=\"font-size: 10.0pt; font-family: 'Century Gothic',sans-serif; color: black;\">Legislaci\u00f3n aplicable<\/span><\/strong><\/p>\n\t\t\t\t\t\t<\/div>\n\t\t\t\t<\/div>\n\t\t\t\t<div class=\"elementor-element elementor-element-7604e94 elementor-widget elementor-widget-text-editor\" data-id=\"7604e94\" data-element_type=\"widget\" data-widget_type=\"text-editor.default\">\n\t\t\t\t<div class=\"elementor-widget-container\">\n\t\t\t\t\t\t\t<p style=\"line-height: 15.0pt; background: white; margin: 11.25pt 0cm 11.25pt 0cm;\"><span lang=\"ES\" style=\"font-size: 10.0pt; font-family: 'Century Gothic',sans-serif; color: black;\">La presente web se rige por la legislaci\u00f3n espa\u00f1ola.<\/span><\/p>\n\t\t\t\t\t\t<\/div>\n\t\t\t\t<\/div>\n\t\t\t\t\t<\/div>\n\t\t<\/div>\n\t\t\t\t\t\t\t<\/div>\n\t\t<\/section>\n\t\t\t\t\t\t\t<\/div>\n\t\t","protected":false},"excerpt":{"rendered":"<p>AVISO LEGAL AVISO LEGAL Erraema Erraema empresa titular de la presente web cumple con los requisitos establecidos en la Ley 34\/2002, de 11 de julio, de Servicios de la Sociedad de la Informaci\u00f3n y Comercio Electr\u00f3nico, as\u00ed como en la Ley Org\u00e1nica 15\/1999, de 13 de diciembre , sobre Protecci\u00f3n de Datos de Car\u00e1cter Personal [&hellip;]<\/p>\n","protected":false},"author":1,"featured_media":0,"parent":0,"menu_order":0,"comment_status":"closed","ping_status":"closed","template":"","meta":{"footnotes":""},"class_list":["post-6408","page","type-page","status-publish","hentry"],"_links":{"self":[{"href":"https:\/\/erraema.com\/es\/wp-json\/wp\/v2\/pages\/6408","targetHints":{"allow":["GET"]}}],"collection":[{"href":"https:\/\/erraema.com\/es\/wp-json\/wp\/v2\/pages"}],"about":[{"href":"https:\/\/erraema.com\/es\/wp-json\/wp\/v2\/types\/page"}],"author":[{"embeddable":true,"href":"https:\/\/erraema.com\/es\/wp-json\/wp\/v2\/users\/1"}],"replies":[{"embeddable":true,"href":"https:\/\/erraema.com\/es\/wp-json\/wp\/v2\/comments?post=6408"}],"version-history":[{"count":3,"href":"https:\/\/erraema.com\/es\/wp-json\/wp\/v2\/pages\/6408\/revisions"}],"predecessor-version":[{"id":6807,"href":"https:\/\/erraema.com\/es\/wp-json\/wp\/v2\/pages\/6408\/revisions\/6807"}],"wp:attachment":[{"href":"https:\/\/erraema.com\/es\/wp-json\/wp\/v2\/media?parent=6408"}],"curies":[{"name":"wp","href":"https:\/\/api.w.org\/{rel}","templated":true}]}}