{"id":6435,"date":"2023-02-20T00:08:03","date_gmt":"2023-02-20T00:08:03","guid":{"rendered":"https:\/\/erraema.com\/politica-de-privacidad\/"},"modified":"2023-03-28T11:32:34","modified_gmt":"2023-03-28T11:32:34","slug":"politica-de-privacidad","status":"publish","type":"page","link":"https:\/\/erraema.com\/es\/politica-de-privacidad\/","title":{"rendered":"Pol\u00edtica de privacidad"},"content":{"rendered":"\t\t<div data-elementor-type=\"wp-page\" data-elementor-id=\"6435\" class=\"elementor elementor-6435 elementor-250\">\n\t\t\t\t\t\t\t\t\t<section class=\"elementor-section elementor-top-section elementor-element elementor-element-ae15fd5 elementor-section-boxed elementor-section-height-default elementor-section-height-default\" data-id=\"ae15fd5\" data-element_type=\"section\">\n\t\t\t\t\t\t<div class=\"elementor-container elementor-column-gap-default\">\n\t\t\t\t\t<div class=\"elementor-column elementor-col-100 elementor-top-column elementor-element elementor-element-a23b79f\" data-id=\"a23b79f\" data-element_type=\"column\">\n\t\t\t<div class=\"elementor-widget-wrap elementor-element-populated\">\n\t\t\t\t\t\t\t\t<div class=\"elementor-element elementor-element-2622625 elementor-hidden-tablet elementor-hidden-mobile elementor-widget elementor-widget-text-editor\" data-id=\"2622625\" data-element_type=\"widget\" data-widget_type=\"text-editor.default\">\n\t\t\t\t<div class=\"elementor-widget-container\">\n\t\t\t<style>\/*! elementor - v3.11.5 - 14-03-2023 *\/\n.elementor-widget-text-editor.elementor-drop-cap-view-stacked .elementor-drop-cap{background-color:#818a91;color:#fff}.elementor-widget-text-editor.elementor-drop-cap-view-framed .elementor-drop-cap{color:#818a91;border:3px solid;background-color:transparent}.elementor-widget-text-editor:not(.elementor-drop-cap-view-default) .elementor-drop-cap{margin-top:8px}.elementor-widget-text-editor:not(.elementor-drop-cap-view-default) .elementor-drop-cap-letter{width:1em;height:1em}.elementor-widget-text-editor .elementor-drop-cap{float:left;text-align:center;line-height:1;font-size:50px}.elementor-widget-text-editor .elementor-drop-cap-letter{display:inline-block}<\/style>\t\t\t\t<p>POL\u00cdTICA DE PRIVACIDAD<\/p>\n\t\t\t\t\t\t<\/div>\n\t\t\t\t<\/div>\n\t\t\t\t<div class=\"elementor-element elementor-element-53be27e elementor-hidden-widescreen elementor-hidden-desktop elementor-widget elementor-widget-text-editor\" data-id=\"53be27e\" data-element_type=\"widget\" data-widget_type=\"text-editor.default\">\n\t\t\t\t<div class=\"elementor-widget-container\">\n\t\t\t\t\t\t\t<p>POL\u00cdTICA DE PRIVACIDAD<\/p>\n\t\t\t\t\t\t<\/div>\n\t\t\t\t<\/div>\n\t\t\t\t<div class=\"elementor-element elementor-element-e65117f elementor-widget elementor-widget-text-editor\" data-id=\"e65117f\" data-element_type=\"widget\" data-widget_type=\"text-editor.default\">\n\t\t\t\t<div class=\"elementor-widget-container\">\n\t\t\t\t\t\t\t<p><strong>1.-Informaci\u00f3n sobre el responsable del tratamiento de los datos personales:<\/strong><\/p>\n\t\t\t\t\t\t<\/div>\n\t\t\t\t<\/div>\n\t\t\t\t<div class=\"elementor-element elementor-element-65c52ff elementor-widget elementor-widget-text-editor\" data-id=\"65c52ff\" data-element_type=\"widget\" data-widget_type=\"text-editor.default\">\n\t\t\t\t<div class=\"elementor-widget-container\">\n\t\t\t\t\t\t\t<p>La responsable del tratamiento de los datos recabados a trav\u00e9s de los sitios web, www.erraema.com (en adelante, la \u201cWeb\u201d o el \u201cSitio web\u201d) es ERRAEMA.<\/p>\n<p>Puedes ponerte en contacto con ERRAEMA para cualquier aspecto relacionado con esta pol\u00edtica de privacidad, en la direcci\u00f3n de correo electr\u00f3nico hola@erraema.com<\/p>\n\t\t\t\t\t\t<\/div>\n\t\t\t\t<\/div>\n\t\t\t\t<div class=\"elementor-element elementor-element-d400b4a elementor-widget elementor-widget-text-editor\" data-id=\"d400b4a\" data-element_type=\"widget\" data-widget_type=\"text-editor.default\">\n\t\t\t\t<div class=\"elementor-widget-container\">\n\t\t\t\t\t\t\t<p><strong>2.-Finalidad del tratamiento de los datos personales:<\/strong><\/p>\n\t\t\t\t\t\t<\/div>\n\t\t\t\t<\/div>\n\t\t\t\t<div class=\"elementor-element elementor-element-b7c1c23 elementor-widget elementor-widget-text-editor\" data-id=\"b7c1c23\" data-element_type=\"widget\" data-widget_type=\"text-editor.default\">\n\t\t\t\t<div class=\"elementor-widget-container\">\n\t\t\t\t\t\t\t<p><strong>2.1. \u00bfCon qu\u00e9 finalidad trataremos tus datos personales? <\/strong>En ERRAEMA trataremos tus datos personales, recabados a trav\u00e9s del Sitio web con las siguientes finalidades:<\/p>\n\t\t\t\t\t\t<\/div>\n\t\t\t\t<\/div>\n\t\t\t\t<div class=\"elementor-element elementor-element-56a0a4e elementor-widget elementor-widget-text-editor\" data-id=\"56a0a4e\" data-element_type=\"widget\" data-widget_type=\"text-editor.default\">\n\t\t\t\t<div class=\"elementor-widget-container\">\n\t\t\t\t\t\t\t<ol>\n<li>a) En caso de contrataci\u00f3n de los bienes y servicios ofrecidos a trav\u00e9s del Sitio Web, para mantener la relaci\u00f3n contractual, as\u00ed como la gesti\u00f3n, administraci\u00f3n, informaci\u00f3n, prestaci\u00f3n y mejora del servicio.<\/li>\n<li>b) Env\u00edo de informaci\u00f3n solicitada a trav\u00e9s de los formularios dispuestos en el Sitio Web.<\/li>\n<li>c) Remitir boletines (newsletters), as\u00ed como comunicaciones comerciales de promociones y\/o publicidad del Sitio web y del sector del Marketing Digital.<\/li>\n<\/ol>\n\t\t\t\t\t\t<\/div>\n\t\t\t\t<\/div>\n\t\t\t\t<div class=\"elementor-element elementor-element-a855682 elementor-widget elementor-widget-text-editor\" data-id=\"a855682\" data-element_type=\"widget\" data-widget_type=\"text-editor.default\">\n\t\t\t\t<div class=\"elementor-widget-container\">\n\t\t\t\t\t\t\t<p>Te recordamos que puedes oponerte al env\u00edo de comunicaciones comerciales por cualquier v\u00eda y en cualquier momento, remitiendo un correo electr\u00f3nico a la direcci\u00f3n de correo electr\u00f3nico indicada anteriormente.<\/p>\n\t\t\t\t\t\t<\/div>\n\t\t\t\t<\/div>\n\t\t\t\t<div class=\"elementor-element elementor-element-ed9de2a elementor-widget elementor-widget-text-editor\" data-id=\"ed9de2a\" data-element_type=\"widget\" data-widget_type=\"text-editor.default\">\n\t\t\t\t<div class=\"elementor-widget-container\">\n\t\t\t\t\t\t\t<p>Los campos de estos registros son de cumplimentaci\u00f3n obligatoria, siendo imposible realizar las finalidades expresadas si no se aportan estos datos.<\/p>\n\t\t\t\t\t\t<\/div>\n\t\t\t\t<\/div>\n\t\t\t\t<div class=\"elementor-element elementor-element-81bc81f elementor-widget elementor-widget-text-editor\" data-id=\"81bc81f\" data-element_type=\"widget\" data-widget_type=\"text-editor.default\">\n\t\t\t\t<div class=\"elementor-widget-container\">\n\t\t\t\t\t\t\t<p><strong>2.2.\u00bfPor cu\u00e1nto tiempo se conservan los datos personales recabados? <\/strong>Los datos personales proporcionados se conservar\u00e1n mientras se mantenga la relaci\u00f3n comercial o no solicites su supresi\u00f3n y durante el plazo por el que pudieran derivarse responsabilidades legales por los servicios prestados.<\/p>\n\t\t\t\t\t\t<\/div>\n\t\t\t\t<\/div>\n\t\t\t\t<div class=\"elementor-element elementor-element-d5be029 elementor-widget elementor-widget-text-editor\" data-id=\"d5be029\" data-element_type=\"widget\" data-widget_type=\"text-editor.default\">\n\t\t\t\t<div class=\"elementor-widget-container\">\n\t\t\t\t\t\t\t<p><strong>3.-Legitimaci\u00f3n:<\/strong> El tratamiento de tus datos se realiza con las siguientes bases jur\u00eddicas que legitiman lo mismo:<\/p>\n\t\t\t\t\t\t<\/div>\n\t\t\t\t<\/div>\n\t\t\t\t<div class=\"elementor-element elementor-element-a041abf elementor-widget elementor-widget-text-editor\" data-id=\"a041abf\" data-element_type=\"widget\" data-widget_type=\"text-editor.default\">\n\t\t\t\t<div class=\"elementor-widget-container\">\n\t\t\t\t\t\t\t<ol>\n<li>a) La solicitud de informaci\u00f3n y\/o contrataci\u00f3n de los servicios de ERRAEMA, cuyos t\u00e9rminos y condiciones se pondr\u00e1n a tu disposici\u00f3n en todo caso, de forma previa a una eventual contrataci\u00f3n.<\/li>\n<li>b) El consentimiento libre, espec\u00edfico, informado e inequ\u00edvoco, mientras que te informamos poniendo a tu disposici\u00f3n la presente pol\u00edtica de privacidad, que despu\u00e9s de la lectura de la misma, en caso de estar conforme, puedes aceptar mediante declaraci\u00f3n o una clara acci\u00f3n afirmativa, como el marcado de una casilla dispuesta a tal efecto.<br \/>En caso de que no nos facilites tus datos o los hagas de forma err\u00f3nea o incompleta, no podremos atender tu solicitud, resultando imposible proporcionarte la informaci\u00f3n solicitada o llevar a cabo la contrataci\u00f3n de los servicios. de que no nos facilites tus datos o las hayas de forma err\u00f3nea o incompleta, no podremos atender tu solicitud, resultando del todo imposible proporcionarte la informaci\u00f3n solicitada o llevar a cabo la contrataci\u00f3n de los servicios.<\/li>\n<\/ol>\n\t\t\t\t\t\t<\/div>\n\t\t\t\t<\/div>\n\t\t\t\t<div class=\"elementor-element elementor-element-5a78f0a elementor-widget elementor-widget-text-editor\" data-id=\"5a78f0a\" data-element_type=\"widget\" data-widget_type=\"text-editor.default\">\n\t\t\t\t<div class=\"elementor-widget-container\">\n\t\t\t\t\t\t\t<p><strong>4.-Destinatarios:<\/strong> Los datos no se comunicar\u00e1n a ning\u00fan tercero ajeno a ERRAEMA, salvo obligaci\u00f3n legal.<\/p>\n\t\t\t\t\t\t<\/div>\n\t\t\t\t<\/div>\n\t\t\t\t<div class=\"elementor-element elementor-element-fe0ee70 elementor-widget elementor-widget-text-editor\" data-id=\"fe0ee70\" data-element_type=\"widget\" data-widget_type=\"text-editor.default\">\n\t\t\t\t<div class=\"elementor-widget-container\">\n\t\t\t\t\t\t\t<p>Los datos personales facilitados a trav\u00e9s de los formularios del Sitio Web, son tratados para la prestaci\u00f3n de los servicios de ERRAEMA as\u00ed como para el env\u00edo de comunicaciones comerciales o informativas mediante el uso de la herramienta que esta compa\u00f1\u00eda facilita, lo que comporta que los datos introducidos son transferidos a los servidores de la citada compa\u00f1\u00eda, suponiendo una transferencia de datos, que el usuario consiente de forma expresa con la aceptaci\u00f3n de la presente pol\u00edtica de privacidad.<\/p>\n\t\t\t\t\t\t<\/div>\n\t\t\t\t<\/div>\n\t\t\t\t<div class=\"elementor-element elementor-element-afd0816 elementor-widget elementor-widget-text-editor\" data-id=\"afd0816\" data-element_type=\"widget\" data-widget_type=\"text-editor.default\">\n\t\t\t\t<div class=\"elementor-widget-container\">\n\t\t\t\t\t\t\t<p><strong>5.-Derechos: <\/strong>Como interesado que nos has proporcionado tus datos personales, tienes pleno derecho a obtener confirmaci\u00f3n sobre si en ERRAEMA estamos tratando tus datos personales, y en concreto est\u00e1s facultado para ejercitar los siguientes derechos que la normativa en materia de protecci\u00f3n de datos te reconoce, conforme a lo previsto en la misma:<\/p>\n\t\t\t\t\t\t<\/div>\n\t\t\t\t<\/div>\n\t\t\t\t<div class=\"elementor-element elementor-element-ff9c7af elementor-widget elementor-widget-text-editor\" data-id=\"ff9c7af\" data-element_type=\"widget\" data-widget_type=\"text-editor.default\">\n\t\t\t\t<div class=\"elementor-widget-container\">\n\t\t\t\t\t\t\t<ul>\n<li>Derecho de ACCESO a tus datos personales.<\/li>\n<li>Derechos a solicitar la RECTIFICACI\u00d3N de los datos inexactos.<\/li>\n<li>Derecho a solicitar su SUPRESI\u00d3N cuando, entre otros motivos, los datos ya no sean necesarios para los fines que fueron recogidos.<\/li>\n<li>En determinadas circunstancias, podr\u00e1s solicitar la LIMITACI\u00d3N DEL TRATAMIENTO de tus datos, en cuyo caso \u00fanicamente los conservaremos para el ejercicio o la defensa de reclamaciones.<\/li>\n<li>En determinadas circunstancias y por motivos relacionados con su situaci\u00f3n particular, los interesados podr\u00e1n ejercitar su derecho de OPOSICI\u00d3N al tratamiento de sus datos. Dejaremos de tratar los datos, salvo por motivos imperiosos leg\u00edtimos, o el ejercicio o la defensa de posibles reclamaciones.<\/li>\n<li>En determinadas circunstancias y por motivos relacionados con tu situaci\u00f3n particular, podr\u00e1 solicitar su derecho a la PORTABILIDAD de los datos.<br \/>Podr\u00e1s ejercitar tales derechos dirigiendo una comunicaci\u00f3n a la direcci\u00f3n postal y\/o de correo electr\u00f3nico que se hace constar en el apartado \u201c1. Informaci\u00f3n sobre el responsable del tratamiento de los datos personales.\u201d<\/li>\n<\/ul>\n\t\t\t\t\t\t<\/div>\n\t\t\t\t<\/div>\n\t\t\t\t<div class=\"elementor-element elementor-element-f2d4249 elementor-widget elementor-widget-text-editor\" data-id=\"f2d4249\" data-element_type=\"widget\" data-widget_type=\"text-editor.default\">\n\t\t\t\t<div class=\"elementor-widget-container\">\n\t\t\t\t\t\t\t<p>Podr\u00e1s ejercitar tales derechos dirigiendo una comunicaci\u00f3n a la direcci\u00f3n postal y\/o de correo electr\u00f3nico que se hace constar en el apartado \u201c1. Informaci\u00f3n sobre el responsable del tratamiento de los datos personales.\u201d<\/p>\n\t\t\t\t\t\t<\/div>\n\t\t\t\t<\/div>\n\t\t\t\t<div class=\"elementor-element elementor-element-e9dfed3 elementor-widget elementor-widget-text-editor\" data-id=\"e9dfed3\" data-element_type=\"widget\" data-widget_type=\"text-editor.default\">\n\t\t\t\t<div class=\"elementor-widget-container\">\n\t\t\t\t\t\t\t<p>Adem\u00e1s, en caso de que se haya vulnerado cualquiera de tus derechos, el interesado tiene derecho a presentar una reclamaci\u00f3n ante la Agencia Espa\u00f1ola de Protecci\u00f3n de Datos (AEPD), en C\/ Jorge Juan, 6, 28001-Madrid oa trav\u00e9s de la sede electr\u00f3nica de la AEPD: <span style=\"color: #ff9900;\"><a style=\"color: #ff9900;\" href=\"https:\/\/web.archive.org\/web\/20220809011934\/https:\/sedeagpd.gob.es\/sede-electronica-web\/\">https:\/\/sedeagpd.gob.es\/sede-electronica-web\/<\/a><\/span><\/p>\n\t\t\t\t\t\t<\/div>\n\t\t\t\t<\/div>\n\t\t\t\t\t<\/div>\n\t\t<\/div>\n\t\t\t\t\t\t\t<\/div>\n\t\t<\/section>\n\t\t\t\t\t\t\t<\/div>\n\t\t","protected":false},"excerpt":{"rendered":"<p>POL\u00cdTICA DE PRIVACIDAD POL\u00cdTICA DE PRIVACIDAD 1.-Informaci\u00f3n sobre el responsable del tratamiento de los datos personales: La responsable del tratamiento de los datos recabados a trav\u00e9s de los sitios web, www.erraema.com (en adelante, la \u201cWeb\u201d o el \u201cSitio web\u201d) es ERRAEMA. Puedes ponerte en contacto con ERRAEMA para cualquier aspecto relacionado con esta pol\u00edtica de [&hellip;]<\/p>\n","protected":false},"author":1,"featured_media":0,"parent":0,"menu_order":0,"comment_status":"closed","ping_status":"closed","template":"","meta":{"footnotes":""},"class_list":["post-6435","page","type-page","status-publish","hentry"],"_links":{"self":[{"href":"https:\/\/erraema.com\/es\/wp-json\/wp\/v2\/pages\/6435","targetHints":{"allow":["GET"]}}],"collection":[{"href":"https:\/\/erraema.com\/es\/wp-json\/wp\/v2\/pages"}],"about":[{"href":"https:\/\/erraema.com\/es\/wp-json\/wp\/v2\/types\/page"}],"author":[{"embeddable":true,"href":"https:\/\/erraema.com\/es\/wp-json\/wp\/v2\/users\/1"}],"replies":[{"embeddable":true,"href":"https:\/\/erraema.com\/es\/wp-json\/wp\/v2\/comments?post=6435"}],"version-history":[{"count":4,"href":"https:\/\/erraema.com\/es\/wp-json\/wp\/v2\/pages\/6435\/revisions"}],"predecessor-version":[{"id":6752,"href":"https:\/\/erraema.com\/es\/wp-json\/wp\/v2\/pages\/6435\/revisions\/6752"}],"wp:attachment":[{"href":"https:\/\/erraema.com\/es\/wp-json\/wp\/v2\/media?parent=6435"}],"curies":[{"name":"wp","href":"https:\/\/api.w.org\/{rel}","templated":true}]}}